{"id":9,"date":"2012-11-29T22:32:04","date_gmt":"2012-11-29T22:32:04","guid":{"rendered":"http:\/\/www.archanges-urbains.com\/?page_id=9"},"modified":"2014-11-17T22:31:36","modified_gmt":"2014-11-17T22:31:36","slug":"biography","status":"publish","type":"page","link":"https:\/\/www.archanges-urbains.com\/?page_id=9","title":{"rendered":"Biographie"},"content":{"rendered":"<div id=\"attachment_166\" style=\"width: 677px\" class=\"wp-caption alignnone\"><img aria-describedby=\"caption-attachment-166\" decoding=\"async\" loading=\"lazy\" class=\" wp-image-166\" title=\"Shoot de l'archange &quot;30 avril 1975&quot; par jp lefret \u00e0 Ho Chi Minh\" src=\"http:\/\/www.archanges-urbains.com\/wp-content\/uploads\/2012\/11\/jean-paul-lefret-photographe.jpg\" alt=\"jean-paul-lefret-photographe\" width=\"667\" height=\"500\" srcset=\"https:\/\/www.archanges-urbains.com\/wp-content\/uploads\/2012\/11\/jean-paul-lefret-photographe.jpg 667w, https:\/\/www.archanges-urbains.com\/wp-content\/uploads\/2012\/11\/jean-paul-lefret-photographe-300x224.jpg 300w, https:\/\/www.archanges-urbains.com\/wp-content\/uploads\/2012\/11\/jean-paul-lefret-photographe-400x300.jpg 400w\" sizes=\"(max-width: 667px) 100vw, 667px\" \/><p id=\"caption-attachment-166\" class=\"wp-caption-text\">Shoot de l&#8217;archange &#8220;30 avril 1975&#8221; par jp lefret \u00e0 Ho Chi Minh<\/p><\/div>\n<p>N\u00e9 en C\u00f4te d\u2019Ivoire en 1957, il quitte l\u2019Afrique \u00e0 16 ans.<\/p>\n<p>Il est dipl\u00f4m\u00e9 de <a title=\"Ecole Louis Lumiere\" href=\"http:\/\/www.ens.louis-lumiere.fr\" target=\"_blank\">l&#8217;Ecole Nationale Sup\u00e9rieure de Photographie Louis-Lumi\u00e8re<\/a> \u00e0 Paris en 1980. Bas\u00e9 \u00e0 Paris avec sa famille il puise dans l\u2019h\u00e9ritage de son enfance et ses voyages \u00e0 travers le monde une inspiration alliant la modernit\u00e9 et l\u2019esth\u00e9tique, le r\u00eave et la po\u00e9sie.<\/p>\n<p>En parall\u00e8le il collabore avec divers magazines : Dealer de luxe, Vogue Bambini, L\u2019Officiel, Muteen,\u00a0 MilK, The Play Ground.<\/p>\n<p>Une autre partie de son travail personnel s\u2019oriente vers des s\u00e9ries de photographies d\u2019ethnies nomades comme les Tsatans de Mongolie, les Aborig\u00e8nes Tiwis en Australie, les Mokens de Tha\u00eflande, les Inuits dans le Nunavut, afin d\u2019\u00e9diter des contes in\u00e9dits pour la jeunesse.<\/p>\n<p>Il est \u00e9galement \u00e9diteur et contributeur de la revue\u00a0<a title=\"www.theplaygroundmagazine.com\" href=\"http:\/\/www.theplaygroundmagazine.com\" target=\"_blank\">The Play Ground<\/a>.<\/p>\n","protected":false},"excerpt":{"rendered":"<p>N\u00e9 en C\u00f4te d\u2019Ivoire en 1957, il quitte l\u2019Afrique \u00e0 16 ans. Il est dipl\u00f4m\u00e9 de l&#8217;Ecole Nationale Sup\u00e9rieure de Photographie Louis-Lumi\u00e8re \u00e0 Paris en 1980. Bas\u00e9 \u00e0 Paris avec sa famille il puise dans l\u2019h\u00e9ritage de son enfance et &hellip; <a href=\"https:\/\/www.archanges-urbains.com\/?page_id=9\">Continue reading <span class=\"meta-nav\">&rarr;<\/span><\/a><\/p>\n","protected":false},"author":1,"featured_media":0,"parent":0,"menu_order":0,"comment_status":"closed","ping_status":"open","template":"","meta":[],"_links":{"self":[{"href":"https:\/\/www.archanges-urbains.com\/index.php?rest_route=\/wp\/v2\/pages\/9"}],"collection":[{"href":"https:\/\/www.archanges-urbains.com\/index.php?rest_route=\/wp\/v2\/pages"}],"about":[{"href":"https:\/\/www.archanges-urbains.com\/index.php?rest_route=\/wp\/v2\/types\/page"}],"author":[{"embeddable":true,"href":"https:\/\/www.archanges-urbains.com\/index.php?rest_route=\/wp\/v2\/users\/1"}],"replies":[{"embeddable":true,"href":"https:\/\/www.archanges-urbains.com\/index.php?rest_route=%2Fwp%2Fv2%2Fcomments&post=9"}],"version-history":[{"count":15,"href":"https:\/\/www.archanges-urbains.com\/index.php?rest_route=\/wp\/v2\/pages\/9\/revisions"}],"predecessor-version":[{"id":31,"href":"https:\/\/www.archanges-urbains.com\/index.php?rest_route=\/wp\/v2\/pages\/9\/revisions\/31"}],"wp:attachment":[{"href":"https:\/\/www.archanges-urbains.com\/index.php?rest_route=%2Fwp%2Fv2%2Fmedia&parent=9"}],"curies":[{"name":"wp","href":"https:\/\/api.w.org\/{rel}","templated":true}]}}