{"id":13,"date":"2012-11-29T22:32:24","date_gmt":"2012-11-29T22:32:24","guid":{"rendered":"http:\/\/www.archanges-urbains.com\/?page_id=13"},"modified":"2019-02-10T14:17:08","modified_gmt":"2019-02-10T14:17:08","slug":"texte","status":"publish","type":"page","link":"https:\/\/www.archanges-urbains.com\/?page_id=13","title":{"rendered":"Propos artistiques"},"content":{"rendered":"<p><strong>NOTE D&#8217;INTENTION<\/strong><\/p>\n<p>Depuis 2007 je travaille une s\u00e9rie photographique faisant l\u2019objet d\u2019une visualisation autour du th\u00e8me du nouvel animisme de notre urbanit\u00e9 intitul\u00e9e \u00ab Archanges urbains \u00bb; c\u2019est la mise en sc\u00e8ne de jeunes ic\u00f4nes dans un d\u00e9cor urbain.<\/p>\n<p>Celles-ci ont un rapport avec une r\u00e9alit\u00e9 \u00e9conomique, historique et culturelle.<\/p>\n<p>Les panoramas des m\u00e9tropoles que je photographie correspondent \u00e0 des lieux o\u00f9 l\u2019urbain prend le pas sur l\u2019humain. La solution pour r\u00e9sister et esp\u00e9rer se trouve peut-\u00eatre alors dans le divin. Il n\u2019y a pas de religion qui pr\u00e9domine, c\u2019est pourquoi j\u2019ai choisi le chemin de l\u2019animisme symbolis\u00e9 par ces jeunes filles. Elles ne sont ni d\u00e9esses ni objets de culte, mais une conception de l\u2019espoir que l\u2019on peut trouver au fond de chacun de nous. \u00c0 nous de projeter celui-ci dans l\u2019urbanit\u00e9 d\u00e9vorante en mat\u00e9rialisant celle qui nous touche. C\u2019est une autre fa\u00e7on de voir la ville.<\/p>\n<p>Un \u00e9l\u00e9ment appartenant au panorama doit me permettre d\u2019ancrer l\u2019ic\u00f4ne dans l\u2019image.\u00a0 Par la suite, lors de la prise de vue en studio, je recr\u00e9e la forme sur laquelle elle doit \u00eatre install\u00e9e dans le d\u00e9cor afin de pouvoir l\u2019y int\u00e9grer le plus naturellement possible. Il en est de m\u00eame pour la lumi\u00e8re.<\/p>\n<p>Le r\u00e9f\u00e9rent est l\u2019archange \u00ab Grotte \u00bb, c\u2019est l\u2019ic\u00f4ne traditionnelle, elle est non urbaine. La derni\u00e8re image de la partition est l\u2019archange \u00ab Immol\u00e9e \u00bb dont le c\u0153ur \u00e9corch\u00e9 met en exergue la pr\u00e9sence des autres c\u0153urs. Aujourd\u2019hui, la collection comporte 26 archanges.<\/p>\n<p><em>Jean-Paul Lefret<\/em><\/p>\n<p><strong>PROPOS ARTISTIQUE<\/strong><\/p>\n<p>A travers son parcours autour du monde, Jean-Paul Lefret construit des images o\u00f9 la ville, dans sa dimension effr\u00e9n\u00e9e et d\u00e9cha\u00een\u00e9e, accueille toujours, quelque part, \u00ab un c\u0153ur battant et son gardien tranquille\u00a0\u00bb. Ces repr\u00e9sentations, qui incarnent une entr\u00e9e en r\u00e9sistance contre l\u2019\u00e9rosion de l\u2019humain (de la Chine au Br\u00e9sil, de New York \u00e0 Paris), nous alertent et nous apaisent. Elles ressemblent \u00e0 des ic\u00f4nes, mais portent\u00a0 le signe mat\u00e9riel d\u2019une humanit\u00e9 qui s\u2019\u00e9tiole et qui pourtant r\u00e9siste : un c\u0153ur\u2026 Qu\u2019elles arborent comme \u00ab un nouvel animisme pour notre modernit\u00e9, au c\u0153ur de l\u2019urbanit\u00e9 \u00bb. Du mat\u00e9riel au spirituel, le chemin s\u2019inverse \u00e0 l\u2019infini.<\/p>\n<p>\u00ab Enchantez la vulgaire r\u00e9alit\u00e9 \u00bb \u00e9crivait Apollinaire\u2026<\/p>\n<p>Philippe Pataud C\u00e9l\u00e9rier, auteur et journaliste, nous remet en m\u00e9moire cette citation du po\u00e8te, pour d\u00e9crire le travail de Jean-Paul Lefret.<\/p>\n<p><em>\u00ab Ce \u00e0 quoi semblent faire \u00e9cho ces fr\u00eales adolescentes comme tomb\u00e9es par effraction dans un monde qui n\u2019\u00e9tait pas le leur mais dont elles prennent possession, presque sur la pointe des pieds, le regard droit devant elles, nuque parfois de c\u00f4t\u00e9.<\/em><\/p>\n<p><em>Elles sont pourtant sereines, aur\u00e9ol\u00e9es d\u2019une saintet\u00e9 qui para\u00eet irr\u00e9elle dans les lieux o\u00f9 elles se manifestent : piste d\u2019atterrissage, p\u00e9riph\u00e9rique, parking de supermarch\u00e9, tunnel de m\u00e9tro\u2026 Aussi irr\u00e9els que ces lieux qui n\u2019en sont pas ou sont plus exactement les non-lieux bien r\u00e9els de notre urbaine modernit\u00e9. Elles se tiennent l\u00e0, en contact avec un monde qu\u2019elles ont r\u00e9duit \u00e0 l\u2019\u00e9chelle d\u2019un barreau comme port\u00e9es par la gr\u00e2ce a\u00e9rienne des oiseaux dont on chercherait en vain dans le pli des drap\u00e9s quelques traces de polychromies.<\/em><\/p>\n<p><em>Car elles sont bel et bien vivantes. Et elles sont d\u2019autant plus pr\u00e9sentes que leur immobilit\u00e9 contraste avec ce monde qui, lui, ne semble \u00eatre l\u00e0 que de passage.<\/em><\/p>\n<p><em>Audacieux renversement de perspectives \u2013 le monde passe, nous restons \u2013 dont seuls sont capables les adolescents avant que ne leur soit inocul\u00e9e cette raison qui emp\u00eatre. Mais que signifie ce c\u0153ur, sorte de matricule ventricule, que chacune arbore et qui prend la mati\u00e8re, la couleur du milieu dans lequel il se fond : plumes d\u2019oiseau pour l\u2019une, \u00e9tiquettes de produits de consommation pour l\u2019autre ?\u2026<\/em><\/p>\n<p><em>En \u00ab r\u00e9incoeurporant \u00bb ces espaces d\u00e9sincarn\u00e9s o\u00f9 s\u2019\u00e9prouve solitairement de plus en plus durement la communaut\u00e9 des hommes, ne nous invitent-elles pas \u00e0 penser \u00e0 nouveau le territoire comme un corps humain ? Nouvel animisme qui \u00e0 force d\u2019\u00eatre chass\u00e9 de la nature se refugierait dans notre envahissante urbanit\u00e9 ?<\/em><\/p>\n<p><em>Tendre un c\u0153ur au c\u0153ur de ces non-lieux, c\u2019est finalement en chercher les battements qui pulseront notre imaginaire pour faire en sorte que celui-ci ne se r\u00e9tr\u00e9cisse pas \u00e0 mesure que croissent ces non-lieux. Ces jeunes filles en auront-elles le pouvoir ? \u00bb<\/em><\/p>\n<p>Jean-Paul Lefret et ses variations, une d\u00e9marche progressive.<\/p>\n<p><img decoding=\"async\" loading=\"lazy\" class=\"alignnone size-full wp-image-149\" title=\"Archanges Urbains concept\" src=\"http:\/\/www.archanges-urbains.com\/wp-content\/uploads\/2012\/11\/resurrection-concept1.jpg\" alt=\"Archanges Urbains concept\" width=\"980\" height=\"250\" srcset=\"https:\/\/www.archanges-urbains.com\/wp-content\/uploads\/2012\/11\/resurrection-concept1.jpg 980w, https:\/\/www.archanges-urbains.com\/wp-content\/uploads\/2012\/11\/resurrection-concept1-300x76.jpg 300w, https:\/\/www.archanges-urbains.com\/wp-content\/uploads\/2012\/11\/resurrection-concept1-500x127.jpg 500w\" sizes=\"(max-width: 980px) 100vw, 980px\" \/><\/p>\n<p>Tout commence par la recherche ou la d\u00e9couverte d&#8217;un paysage urbain qui permet d&#8217;exprimer au mieux l&#8217;id\u00e9e d&#8217;animisme. Le plus souvent, j&#8217;essaie de rep\u00e9rer un \u00e9l\u00e9ment du d\u00e9cor sur lequel je puisse poser l&#8217;ic\u00f4ne. Ce travail est en perp\u00e9tuelle progression, en parall\u00e8le avec les variations de notre soci\u00e9t\u00e9.<\/p>\n","protected":false},"excerpt":{"rendered":"<p>NOTE D&#8217;INTENTION Depuis 2007 je travaille une s\u00e9rie photographique faisant l\u2019objet d\u2019une visualisation autour du th\u00e8me du nouvel animisme de notre urbanit\u00e9 intitul\u00e9e \u00ab Archanges urbains \u00bb; c\u2019est la mise en sc\u00e8ne de jeunes ic\u00f4nes dans un d\u00e9cor urbain. Celles-ci &hellip; <a href=\"https:\/\/www.archanges-urbains.com\/?page_id=13\">Continue reading <span class=\"meta-nav\">&rarr;<\/span><\/a><\/p>\n","protected":false},"author":1,"featured_media":0,"parent":0,"menu_order":0,"comment_status":"closed","ping_status":"open","template":"","meta":[],"_links":{"self":[{"href":"https:\/\/www.archanges-urbains.com\/index.php?rest_route=\/wp\/v2\/pages\/13"}],"collection":[{"href":"https:\/\/www.archanges-urbains.com\/index.php?rest_route=\/wp\/v2\/pages"}],"about":[{"href":"https:\/\/www.archanges-urbains.com\/index.php?rest_route=\/wp\/v2\/types\/page"}],"author":[{"embeddable":true,"href":"https:\/\/www.archanges-urbains.com\/index.php?rest_route=\/wp\/v2\/users\/1"}],"replies":[{"embeddable":true,"href":"https:\/\/www.archanges-urbains.com\/index.php?rest_route=%2Fwp%2Fv2%2Fcomments&post=13"}],"version-history":[{"count":54,"href":"https:\/\/www.archanges-urbains.com\/index.php?rest_route=\/wp\/v2\/pages\/13\/revisions"}],"predecessor-version":[{"id":34,"href":"https:\/\/www.archanges-urbains.com\/index.php?rest_route=\/wp\/v2\/pages\/13\/revisions\/34"}],"wp:attachment":[{"href":"https:\/\/www.archanges-urbains.com\/index.php?rest_route=%2Fwp%2Fv2%2Fmedia&parent=13"}],"curies":[{"name":"wp","href":"https:\/\/api.w.org\/{rel}","templated":true}]}}